{"id":2,"date":"2025-12-09T18:53:16","date_gmt":"2025-12-09T18:53:16","guid":{"rendered":"https:\/\/hurtum.rkinformatika.online\/?page_id=2"},"modified":"2025-12-17T09:55:20","modified_gmt":"2025-12-17T09:55:20","slug":"inicio","status":"publish","type":"page","link":"https:\/\/hurtum.es\/en\/","title":{"rendered":"Home"},"content":{"rendered":"<div data-elementor-type=\"wp-page\" data-elementor-id=\"2\" class=\"elementor elementor-2\" data-elementor-post-type=\"page\">\n\t\t\t\t<div class=\"elementor-element elementor-element-c138a56 e-flex e-con-boxed e-con e-parent\" data-id=\"c138a56\" data-element_type=\"container\" data-e-type=\"container\" data-settings=\"{&quot;background_background&quot;:&quot;classic&quot;}\">\n\t\t\t\t\t<div class=\"e-con-inner\">\n\t\t\t\t<div class=\"elementor-element elementor-element-4e57d3a elementor-widget elementor-widget-heading\" data-id=\"4e57d3a\" data-element_type=\"widget\" data-e-type=\"widget\" data-widget_type=\"heading.default\">\n\t\t\t\t\t<h2 class=\"elementor-heading-title elementor-size-default\">Rafael de la Cuerda Nieto<\/h2>\t\t\t\t<\/div>\n\t\t\t\t<div class=\"elementor-element elementor-element-9047e4c elementor-widget elementor-widget-heading\" data-id=\"9047e4c\" data-element_type=\"widget\" data-e-type=\"widget\" data-widget_type=\"heading.default\">\n\t\t\t\t\t<h2 class=\"elementor-heading-title elementor-size-default\">Tax and labor advice for companies, self-employed individuals and private individuals.<\/h2>\t\t\t\t<\/div>\n\t\t\t\t\t<\/div>\n\t\t\t\t<\/div>\n\t\t<div class=\"elementor-element elementor-element-f781150 e-flex e-con-boxed e-con e-parent\" data-id=\"f781150\" data-element_type=\"container\" data-e-type=\"container\">\n\t\t\t\t\t<div class=\"e-con-inner\">\n\t\t<div class=\"elementor-element elementor-element-c21b59b e-con-full e-flex e-con e-child\" data-id=\"c21b59b\" data-element_type=\"container\" data-e-type=\"container\">\n\t\t\t\t<div class=\"elementor-element elementor-element-4355a7c elementor-widget elementor-widget-image\" data-id=\"4355a7c\" data-element_type=\"widget\" data-e-type=\"widget\" data-widget_type=\"image.default\">\n\t\t\t\t\t\t\t\t\t\t\t\t\t\t\t<img fetchpriority=\"high\" decoding=\"async\" width=\"800\" height=\"534\" src=\"https:\/\/hurtum.es\/wp-content\/uploads\/2025\/12\/truth-concept-arrangement-with-balance-1024x683.jpg\" class=\"attachment-large size-large wp-image-450\" alt=\"\" srcset=\"https:\/\/hurtum.es\/wp-content\/uploads\/2025\/12\/truth-concept-arrangement-with-balance-1024x683.jpg 1024w, https:\/\/hurtum.es\/wp-content\/uploads\/2025\/12\/truth-concept-arrangement-with-balance-300x200.jpg 300w, https:\/\/hurtum.es\/wp-content\/uploads\/2025\/12\/truth-concept-arrangement-with-balance-768x512.jpg 768w, https:\/\/hurtum.es\/wp-content\/uploads\/2025\/12\/truth-concept-arrangement-with-balance-1536x1024.jpg 1536w, https:\/\/hurtum.es\/wp-content\/uploads\/2025\/12\/truth-concept-arrangement-with-balance-2048x1365.jpg 2048w, https:\/\/hurtum.es\/wp-content\/uploads\/2025\/12\/truth-concept-arrangement-with-balance-18x12.jpg 18w\" sizes=\"(max-width: 800px) 100vw, 800px\" \/>\t\t\t\t\t\t\t\t\t\t\t\t\t\t\t<\/div>\n\t\t\t\t<\/div>\n\t\t<div class=\"elementor-element elementor-element-45ec8ce e-con-full e-flex e-con e-child\" data-id=\"45ec8ce\" data-element_type=\"container\" data-e-type=\"container\">\n\t\t\t\t<div class=\"elementor-element elementor-element-904372a elementor-widget elementor-widget-heading\" data-id=\"904372a\" data-element_type=\"widget\" data-e-type=\"widget\" data-widget_type=\"heading.default\">\n\t\t\t\t\t<h2 class=\"elementor-heading-title elementor-size-default\">About Us<\/h2>\t\t\t\t<\/div>\n\t\t\t\t<div class=\"elementor-element elementor-element-40436dd elementor-widget elementor-widget-text-editor\" data-id=\"40436dd\" data-element_type=\"widget\" data-e-type=\"widget\" data-widget_type=\"text-editor.default\">\n\t\t\t\t\t\t\t\t\t<p data-start=\"0\" data-end=\"277\">We are a tax and labor consultancy with over 20 years of experience, supporting freelancers, SMEs, and individuals. We offer a personalized, organized, and efficient service to ensure you stay compliant with your obligations, providing clear explanations and support for every decision.<\/p><p data-start=\"279\" data-end=\"454\" data-is-last-node=\"\" data-is-only-node=\"\">We are involved in every process with a practical approach, taking care of the details and maintaining direct communication so that you always know what is being done and why.<\/p>\t\t\t\t\t\t\t\t<\/div>\n\t\t\t\t<\/div>\n\t\t\t\t\t<\/div>\n\t\t\t\t<\/div>\n\t\t<div class=\"elementor-element elementor-element-788fa14 e-flex e-con-boxed e-con e-parent\" data-id=\"788fa14\" data-element_type=\"container\" data-e-type=\"container\" data-settings=\"{&quot;background_background&quot;:&quot;classic&quot;}\">\n\t\t\t\t\t<div class=\"e-con-inner\">\n\t\t\t\t<div class=\"elementor-element elementor-element-833e1d5 elementor-widget elementor-widget-heading\" data-id=\"833e1d5\" data-element_type=\"widget\" data-e-type=\"widget\" data-widget_type=\"heading.default\">\n\t\t\t\t\t<h2 class=\"elementor-heading-title elementor-size-default\">Do you need support with taxes, payroll, and contracts?<\/h2>\t\t\t\t<\/div>\n\t\t\t\t<div class=\"elementor-element elementor-element-112ca9d elementor-widget elementor-widget-heading\" data-id=\"112ca9d\" data-element_type=\"widget\" data-e-type=\"widget\" data-widget_type=\"heading.default\">\n\t\t\t\t\t<h2 class=\"elementor-heading-title elementor-size-default\">Write to us for more information or to request your advice.<\/h2>\t\t\t\t<\/div>\n\t\t\t\t<div class=\"elementor-element elementor-element-743b2dc elementor-widget elementor-widget-button\" data-id=\"743b2dc\" data-element_type=\"widget\" data-e-type=\"widget\" data-widget_type=\"button.default\">\n\t\t\t\t\t\t\t\t\t\t<a class=\"elementor-button elementor-button-link elementor-size-sm elementor-animation-grow\" href=\"\/en\/contacto\/\">\n\t\t\t\t\t\t<span class=\"elementor-button-content-wrapper\">\n\t\t\t\t\t\t\t\t\t<span class=\"elementor-button-text\">Ask for advice<\/span>\n\t\t\t\t\t<\/span>\n\t\t\t\t\t<\/a>\n\t\t\t\t\t\t\t\t<\/div>\n\t\t\t\t\t<\/div>\n\t\t\t\t<\/div>\n\t\t\t\t<\/div>","protected":false},"excerpt":{"rendered":"<p>Rafael de la Cuerda Nieto Asesor\u00eda fiscal y laboral para empresas, aut\u00f3nomos y particulares. Sobre Nosotros Somos una asesor\u00eda fiscal y laboral con m\u00e1s de 20 a\u00f1os de experiencia, acompa\u00f1ando a aut\u00f3nomos, pymes y particulares. Ofrecemos un servicio cercano, ordenado y eficiente para que tengas tus obligaciones al d\u00eda, con explicaciones claras y apoyo en [&hellip;]<\/p>\n","protected":false},"author":1,"featured_media":0,"parent":0,"menu_order":0,"comment_status":"closed","ping_status":"closed","template":"elementor_canvas","meta":{"footnotes":""},"class_list":["post-2","page","type-page","status-publish","hentry"],"yoast_head":"<!-- This site is optimized with the Yoast SEO plugin v27.4 - https:\/\/yoast.com\/product\/yoast-seo-wordpress\/ -->\n<title>Inicio - Rafael de la Cuerda Nieto<\/title>\n<meta name=\"robots\" content=\"index, follow, max-snippet:-1, max-image-preview:large, max-video-preview:-1\" \/>\n<link rel=\"canonical\" href=\"https:\/\/hurtum.es\/en\/\" \/>\n<meta property=\"og:locale\" content=\"en_US\" \/>\n<meta property=\"og:type\" content=\"article\" \/>\n<meta property=\"og:title\" content=\"Inicio - Rafael de la Cuerda Nieto\" \/>\n<meta property=\"og:description\" content=\"Rafael de la Cuerda Nieto Asesor\u00eda fiscal y laboral para empresas, aut\u00f3nomos y particulares. Sobre Nosotros Somos una asesor\u00eda fiscal y laboral con m\u00e1s de 20 a\u00f1os de experiencia, acompa\u00f1ando a aut\u00f3nomos, pymes y particulares. Ofrecemos un servicio cercano, ordenado y eficiente para que tengas tus obligaciones al d\u00eda, con explicaciones claras y apoyo en [&hellip;]\" \/>\n<meta property=\"og:url\" content=\"https:\/\/hurtum.es\/en\/\" \/>\n<meta property=\"og:site_name\" content=\"Rafael de la Cuerda Nieto\" \/>\n<meta property=\"article:modified_time\" content=\"2025-12-17T09:55:20+00:00\" \/>\n<meta property=\"og:image\" content=\"https:\/\/hurtum.es\/wp-content\/uploads\/2025\/12\/truth-concept-arrangement-with-balance-scaled.jpg\" \/>\n\t<meta property=\"og:image:width\" content=\"2560\" \/>\n\t<meta property=\"og:image:height\" content=\"1707\" \/>\n\t<meta property=\"og:image:type\" content=\"image\/jpeg\" \/>\n<meta name=\"twitter:card\" content=\"summary_large_image\" \/>\n<meta name=\"twitter:label1\" content=\"Est. reading time\" \/>\n\t<meta name=\"twitter:data1\" content=\"1 minute\" \/>\n<script type=\"application\/ld+json\" class=\"yoast-schema-graph\">{\"@context\":\"https:\\\/\\\/schema.org\",\"@graph\":[{\"@type\":\"WebPage\",\"@id\":\"https:\\\/\\\/hurtum.es\\\/\",\"url\":\"https:\\\/\\\/hurtum.es\\\/\",\"name\":\"Inicio - Rafael de la Cuerda Nieto\",\"isPartOf\":{\"@id\":\"https:\\\/\\\/hurtum.es\\\/#website\"},\"primaryImageOfPage\":{\"@id\":\"https:\\\/\\\/hurtum.es\\\/#primaryimage\"},\"image\":{\"@id\":\"https:\\\/\\\/hurtum.es\\\/#primaryimage\"},\"thumbnailUrl\":\"https:\\\/\\\/hurtum.es\\\/wp-content\\\/uploads\\\/2025\\\/12\\\/truth-concept-arrangement-with-balance-1024x683.jpg\",\"datePublished\":\"2025-12-09T18:53:16+00:00\",\"dateModified\":\"2025-12-17T09:55:20+00:00\",\"breadcrumb\":{\"@id\":\"https:\\\/\\\/hurtum.es\\\/#breadcrumb\"},\"inLanguage\":\"en-US\",\"potentialAction\":[{\"@type\":\"ReadAction\",\"target\":[\"https:\\\/\\\/hurtum.es\\\/\"]}]},{\"@type\":\"ImageObject\",\"inLanguage\":\"en-US\",\"@id\":\"https:\\\/\\\/hurtum.es\\\/#primaryimage\",\"url\":\"https:\\\/\\\/hurtum.es\\\/wp-content\\\/uploads\\\/2025\\\/12\\\/truth-concept-arrangement-with-balance-1024x683.jpg\",\"contentUrl\":\"https:\\\/\\\/hurtum.es\\\/wp-content\\\/uploads\\\/2025\\\/12\\\/truth-concept-arrangement-with-balance-1024x683.jpg\"},{\"@type\":\"BreadcrumbList\",\"@id\":\"https:\\\/\\\/hurtum.es\\\/#breadcrumb\",\"itemListElement\":[{\"@type\":\"ListItem\",\"position\":1,\"name\":\"Portada\",\"item\":\"https:\\\/\\\/hurtum.es\\\/\"},{\"@type\":\"ListItem\",\"position\":2,\"name\":\"Inicio\"}]},{\"@type\":\"WebSite\",\"@id\":\"https:\\\/\\\/hurtum.es\\\/#website\",\"url\":\"https:\\\/\\\/hurtum.es\\\/\",\"name\":\"Rafael de la Cuerda Nieto\",\"description\":\"Ofrecemos servicios sobre asesoria fiscal y laboral. \",\"publisher\":{\"@id\":\"https:\\\/\\\/hurtum.es\\\/#organization\"},\"potentialAction\":[{\"@type\":\"SearchAction\",\"target\":{\"@type\":\"EntryPoint\",\"urlTemplate\":\"https:\\\/\\\/hurtum.es\\\/?s={search_term_string}\"},\"query-input\":{\"@type\":\"PropertyValueSpecification\",\"valueRequired\":true,\"valueName\":\"search_term_string\"}}],\"inLanguage\":\"en-US\"},{\"@type\":\"Organization\",\"@id\":\"https:\\\/\\\/hurtum.es\\\/#organization\",\"name\":\"Rafael de la Cuerda Nieto\",\"url\":\"https:\\\/\\\/hurtum.es\\\/\",\"logo\":{\"@type\":\"ImageObject\",\"inLanguage\":\"en-US\",\"@id\":\"https:\\\/\\\/hurtum.es\\\/#\\\/schema\\\/logo\\\/image\\\/\",\"url\":\"https:\\\/\\\/hurtum.es\\\/wp-content\\\/uploads\\\/2025\\\/12\\\/cropped-1.png\",\"contentUrl\":\"https:\\\/\\\/hurtum.es\\\/wp-content\\\/uploads\\\/2025\\\/12\\\/cropped-1.png\",\"width\":500,\"height\":280,\"caption\":\"Rafael de la Cuerda Nieto\"},\"image\":{\"@id\":\"https:\\\/\\\/hurtum.es\\\/#\\\/schema\\\/logo\\\/image\\\/\"}}]}<\/script>\n<!-- \/ Yoast SEO plugin. -->","yoast_head_json":{"title":"Inicio - Rafael de la Cuerda Nieto","robots":{"index":"index","follow":"follow","max-snippet":"max-snippet:-1","max-image-preview":"max-image-preview:large","max-video-preview":"max-video-preview:-1"},"canonical":"https:\/\/hurtum.es\/en\/","og_locale":"en_US","og_type":"article","og_title":"Inicio - Rafael de la Cuerda Nieto","og_description":"Rafael de la Cuerda Nieto Asesor\u00eda fiscal y laboral para empresas, aut\u00f3nomos y particulares. Sobre Nosotros Somos una asesor\u00eda fiscal y laboral con m\u00e1s de 20 a\u00f1os de experiencia, acompa\u00f1ando a aut\u00f3nomos, pymes y particulares. Ofrecemos un servicio cercano, ordenado y eficiente para que tengas tus obligaciones al d\u00eda, con explicaciones claras y apoyo en [&hellip;]","og_url":"https:\/\/hurtum.es\/en\/","og_site_name":"Rafael de la Cuerda Nieto","article_modified_time":"2025-12-17T09:55:20+00:00","og_image":[{"width":2560,"height":1707,"url":"https:\/\/hurtum.es\/wp-content\/uploads\/2025\/12\/truth-concept-arrangement-with-balance-scaled.jpg","type":"image\/jpeg"}],"twitter_card":"summary_large_image","twitter_misc":{"Est. reading time":"1 minute"},"schema":{"@context":"https:\/\/schema.org","@graph":[{"@type":"WebPage","@id":"https:\/\/hurtum.es\/","url":"https:\/\/hurtum.es\/","name":"Inicio - Rafael de la Cuerda Nieto","isPartOf":{"@id":"https:\/\/hurtum.es\/#website"},"primaryImageOfPage":{"@id":"https:\/\/hurtum.es\/#primaryimage"},"image":{"@id":"https:\/\/hurtum.es\/#primaryimage"},"thumbnailUrl":"https:\/\/hurtum.es\/wp-content\/uploads\/2025\/12\/truth-concept-arrangement-with-balance-1024x683.jpg","datePublished":"2025-12-09T18:53:16+00:00","dateModified":"2025-12-17T09:55:20+00:00","breadcrumb":{"@id":"https:\/\/hurtum.es\/#breadcrumb"},"inLanguage":"en-US","potentialAction":[{"@type":"ReadAction","target":["https:\/\/hurtum.es\/"]}]},{"@type":"ImageObject","inLanguage":"en-US","@id":"https:\/\/hurtum.es\/#primaryimage","url":"https:\/\/hurtum.es\/wp-content\/uploads\/2025\/12\/truth-concept-arrangement-with-balance-1024x683.jpg","contentUrl":"https:\/\/hurtum.es\/wp-content\/uploads\/2025\/12\/truth-concept-arrangement-with-balance-1024x683.jpg"},{"@type":"BreadcrumbList","@id":"https:\/\/hurtum.es\/#breadcrumb","itemListElement":[{"@type":"ListItem","position":1,"name":"Portada","item":"https:\/\/hurtum.es\/"},{"@type":"ListItem","position":2,"name":"Inicio"}]},{"@type":"WebSite","@id":"https:\/\/hurtum.es\/#website","url":"https:\/\/hurtum.es\/","name":"Rafael de la Cuerda Nieto","description":"Ofrecemos servicios sobre asesoria fiscal y laboral.","publisher":{"@id":"https:\/\/hurtum.es\/#organization"},"potentialAction":[{"@type":"SearchAction","target":{"@type":"EntryPoint","urlTemplate":"https:\/\/hurtum.es\/?s={search_term_string}"},"query-input":{"@type":"PropertyValueSpecification","valueRequired":true,"valueName":"search_term_string"}}],"inLanguage":"en-US"},{"@type":"Organization","@id":"https:\/\/hurtum.es\/#organization","name":"Rafael de la Cuerda Nieto","url":"https:\/\/hurtum.es\/","logo":{"@type":"ImageObject","inLanguage":"en-US","@id":"https:\/\/hurtum.es\/#\/schema\/logo\/image\/","url":"https:\/\/hurtum.es\/wp-content\/uploads\/2025\/12\/cropped-1.png","contentUrl":"https:\/\/hurtum.es\/wp-content\/uploads\/2025\/12\/cropped-1.png","width":500,"height":280,"caption":"Rafael de la Cuerda Nieto"},"image":{"@id":"https:\/\/hurtum.es\/#\/schema\/logo\/image\/"}}]}},"_links":{"self":[{"href":"https:\/\/hurtum.es\/en\/wp-json\/wp\/v2\/pages\/2","targetHints":{"allow":["GET"]}}],"collection":[{"href":"https:\/\/hurtum.es\/en\/wp-json\/wp\/v2\/pages"}],"about":[{"href":"https:\/\/hurtum.es\/en\/wp-json\/wp\/v2\/types\/page"}],"author":[{"embeddable":true,"href":"https:\/\/hurtum.es\/en\/wp-json\/wp\/v2\/users\/1"}],"replies":[{"embeddable":true,"href":"https:\/\/hurtum.es\/en\/wp-json\/wp\/v2\/comments?post=2"}],"version-history":[{"count":82,"href":"https:\/\/hurtum.es\/en\/wp-json\/wp\/v2\/pages\/2\/revisions"}],"predecessor-version":[{"id":547,"href":"https:\/\/hurtum.es\/en\/wp-json\/wp\/v2\/pages\/2\/revisions\/547"}],"wp:attachment":[{"href":"https:\/\/hurtum.es\/en\/wp-json\/wp\/v2\/media?parent=2"}],"curies":[{"name":"wp","href":"https:\/\/api.w.org\/{rel}","templated":true}]}}