{"id":12,"date":"2025-12-09T19:08:43","date_gmt":"2025-12-09T19:08:43","guid":{"rendered":"https:\/\/hurtum.rkinformatika.online\/?page_id=12"},"modified":"2025-12-16T16:19:24","modified_gmt":"2025-12-16T16:19:24","slug":"servicios","status":"publish","type":"page","link":"https:\/\/hurtum.es\/en\/servicios\/","title":{"rendered":"Services"},"content":{"rendered":"<div data-elementor-type=\"wp-page\" data-elementor-id=\"12\" class=\"elementor elementor-12\" data-elementor-post-type=\"page\">\n\t\t\t\t<div class=\"elementor-element elementor-element-7c57200 e-flex e-con-boxed e-con e-parent\" data-id=\"7c57200\" data-element_type=\"container\" data-e-type=\"container\" data-settings=\"{&quot;background_background&quot;:&quot;classic&quot;}\">\n\t\t\t\t\t<div class=\"e-con-inner\">\n\t\t\t\t<div class=\"elementor-element elementor-element-ce94f80 elementor-widget elementor-widget-heading\" data-id=\"ce94f80\" data-element_type=\"widget\" data-e-type=\"widget\" data-widget_type=\"heading.default\">\n\t\t\t\t\t<h2 class=\"elementor-heading-title elementor-size-default\">Asesor\u00eda fiscal y laboral<\/h2>\t\t\t\t<\/div>\n\t\t\t\t\t<\/div>\n\t\t\t\t<\/div>\n\t\t<div class=\"elementor-element elementor-element-a15a68c e-flex e-con-boxed e-con e-parent\" data-id=\"a15a68c\" data-element_type=\"container\" data-e-type=\"container\">\n\t\t\t\t\t<div class=\"e-con-inner\">\n\t\t<div class=\"elementor-element elementor-element-b82bd07 e-con-full animated-slow e-flex elementor-invisible e-con e-child\" data-id=\"b82bd07\" data-element_type=\"container\" data-e-type=\"container\" data-settings=\"{&quot;animation&quot;:&quot;fadeInLeft&quot;}\">\n\t\t\t\t<div class=\"elementor-element elementor-element-5453673 elementor-widget elementor-widget-image\" data-id=\"5453673\" data-element_type=\"widget\" data-e-type=\"widget\" data-widget_type=\"image.default\">\n\t\t\t\t\t\t\t\t\t\t\t\t\t\t\t<img fetchpriority=\"high\" decoding=\"async\" width=\"2048\" height=\"1365\" src=\"https:\/\/hurtum.es\/wp-content\/uploads\/2025\/12\/cropped-image-people-working-table-2048x1365.jpg\" class=\"elementor-animation-grow attachment-2048x2048 size-2048x2048 wp-image-338\" alt=\"\" srcset=\"https:\/\/hurtum.es\/wp-content\/uploads\/2025\/12\/cropped-image-people-working-table-2048x1365.jpg 2048w, https:\/\/hurtum.es\/wp-content\/uploads\/2025\/12\/cropped-image-people-working-table-300x200.jpg 300w, https:\/\/hurtum.es\/wp-content\/uploads\/2025\/12\/cropped-image-people-working-table-1024x683.jpg 1024w, https:\/\/hurtum.es\/wp-content\/uploads\/2025\/12\/cropped-image-people-working-table-768x512.jpg 768w, https:\/\/hurtum.es\/wp-content\/uploads\/2025\/12\/cropped-image-people-working-table-1536x1024.jpg 1536w, https:\/\/hurtum.es\/wp-content\/uploads\/2025\/12\/cropped-image-people-working-table-18x12.jpg 18w\" sizes=\"(max-width: 2048px) 100vw, 2048px\" \/>\t\t\t\t\t\t\t\t\t\t\t\t\t\t\t<\/div>\n\t\t\t\t<div class=\"elementor-element elementor-element-473dca5 elementor-widget elementor-widget-heading\" data-id=\"473dca5\" data-element_type=\"widget\" data-e-type=\"widget\" data-widget_type=\"heading.default\">\n\t\t\t\t\t<h2 class=\"elementor-heading-title elementor-size-default\">asesoria fiscal<\/h2>\t\t\t\t<\/div>\n\t\t\t\t<\/div>\n\t\t<div class=\"elementor-element elementor-element-28ba7a6 e-con-full animated-slow e-flex elementor-invisible e-con e-child\" data-id=\"28ba7a6\" data-element_type=\"container\" data-e-type=\"container\" data-settings=\"{&quot;animation&quot;:&quot;fadeInRight&quot;}\">\n\t\t\t\t<div class=\"elementor-element elementor-element-3b67007 elementor-widget elementor-widget-image\" data-id=\"3b67007\" data-element_type=\"widget\" data-e-type=\"widget\" data-widget_type=\"image.default\">\n\t\t\t\t\t\t\t\t\t\t\t\t\t\t\t<img decoding=\"async\" width=\"800\" height=\"534\" src=\"https:\/\/hurtum.es\/wp-content\/uploads\/2025\/12\/overhead-view-businessmen-working-company-financial-report-white-desk-1024x683.jpg\" class=\"elementor-animation-grow attachment-large size-large wp-image-343\" alt=\"\" srcset=\"https:\/\/hurtum.es\/wp-content\/uploads\/2025\/12\/overhead-view-businessmen-working-company-financial-report-white-desk-1024x683.jpg 1024w, https:\/\/hurtum.es\/wp-content\/uploads\/2025\/12\/overhead-view-businessmen-working-company-financial-report-white-desk-300x200.jpg 300w, https:\/\/hurtum.es\/wp-content\/uploads\/2025\/12\/overhead-view-businessmen-working-company-financial-report-white-desk-768x512.jpg 768w, https:\/\/hurtum.es\/wp-content\/uploads\/2025\/12\/overhead-view-businessmen-working-company-financial-report-white-desk-1536x1024.jpg 1536w, https:\/\/hurtum.es\/wp-content\/uploads\/2025\/12\/overhead-view-businessmen-working-company-financial-report-white-desk-2048x1365.jpg 2048w, https:\/\/hurtum.es\/wp-content\/uploads\/2025\/12\/overhead-view-businessmen-working-company-financial-report-white-desk-18x12.jpg 18w\" sizes=\"(max-width: 800px) 100vw, 800px\" \/>\t\t\t\t\t\t\t\t\t\t\t\t\t\t\t<\/div>\n\t\t\t\t<div class=\"elementor-element elementor-element-000859b elementor-widget elementor-widget-heading\" data-id=\"000859b\" data-element_type=\"widget\" data-e-type=\"widget\" data-widget_type=\"heading.default\">\n\t\t\t\t\t<h2 class=\"elementor-heading-title elementor-size-default\">asesoria laboral<\/h2>\t\t\t\t<\/div>\n\t\t\t\t<\/div>\n\t\t\t\t\t<\/div>\n\t\t\t\t<\/div>\n\t\t<div class=\"elementor-element elementor-element-18a8747 e-flex e-con-boxed e-con e-parent\" data-id=\"18a8747\" data-element_type=\"container\" data-e-type=\"container\" data-settings=\"{&quot;background_background&quot;:&quot;classic&quot;}\">\n\t\t\t\t\t<div class=\"e-con-inner\">\n\t\t\t\t<div class=\"elementor-element elementor-element-839e4e4 elementor-widget elementor-widget-heading\" data-id=\"839e4e4\" data-element_type=\"widget\" data-e-type=\"widget\" data-widget_type=\"heading.default\">\n\t\t\t\t\t<h2 class=\"elementor-heading-title elementor-size-default\">\u00bfNecesitas asesor\u00eda fiscal y laboral?<\/h2>\t\t\t\t<\/div>\n\t\t\t\t<div class=\"elementor-element elementor-element-1ea56c1 elementor-widget elementor-widget-heading\" data-id=\"1ea56c1\" data-element_type=\"widget\" data-e-type=\"widget\" data-widget_type=\"heading.default\">\n\t\t\t\t\t<h2 class=\"elementor-heading-title elementor-size-default\">Escr\u00edbenos para m\u00e1s informaci\u00f3n o para pedir tu asesoramiento.<\/h2>\t\t\t\t<\/div>\n\t\t\t\t<div class=\"elementor-element elementor-element-c21f01c elementor-widget elementor-widget-button\" data-id=\"c21f01c\" data-element_type=\"widget\" data-e-type=\"widget\" data-widget_type=\"button.default\">\n\t\t\t\t\t\t\t\t\t\t<a class=\"elementor-button elementor-button-link elementor-size-sm elementor-animation-grow\" href=\"\/en\/contacto\/\">\n\t\t\t\t\t\t<span class=\"elementor-button-content-wrapper\">\n\t\t\t\t\t\t\t\t\t<span class=\"elementor-button-text\">Ask for advice<\/span>\n\t\t\t\t\t<\/span>\n\t\t\t\t\t<\/a>\n\t\t\t\t\t\t\t\t<\/div>\n\t\t\t\t\t<\/div>\n\t\t\t\t<\/div>\n\t\t\t\t<\/div>","protected":false},"excerpt":{"rendered":"<p>Asesor\u00eda fiscal y laboral asesoria fiscal asesoria laboral \u00bfNecesitas asesor\u00eda fiscal y laboral? Escr\u00edbenos para m\u00e1s informaci\u00f3n o para pedir tu asesoramiento. Pedir asesor\u00eda<\/p>","protected":false},"author":1,"featured_media":0,"parent":0,"menu_order":0,"comment_status":"closed","ping_status":"closed","template":"elementor_canvas","meta":{"footnotes":""},"class_list":["post-12","page","type-page","status-publish","hentry"],"yoast_head":"<!-- This site is optimized with the Yoast SEO plugin v27.4 - https:\/\/yoast.com\/product\/yoast-seo-wordpress\/ -->\n<title>Servicios - Rafael de la Cuerda Nieto<\/title>\n<meta name=\"robots\" content=\"index, follow, max-snippet:-1, max-image-preview:large, max-video-preview:-1\" \/>\n<link rel=\"canonical\" href=\"https:\/\/hurtum.es\/en\/servicios\/\" \/>\n<meta property=\"og:locale\" content=\"en_US\" \/>\n<meta property=\"og:type\" content=\"article\" \/>\n<meta property=\"og:title\" content=\"Servicios - Rafael de la Cuerda Nieto\" \/>\n<meta property=\"og:description\" content=\"Asesor\u00eda fiscal y laboral asesoria fiscal asesoria laboral \u00bfNecesitas asesor\u00eda fiscal y laboral? Escr\u00edbenos para m\u00e1s informaci\u00f3n o para pedir tu asesoramiento. Pedir asesor\u00eda\" \/>\n<meta property=\"og:url\" content=\"https:\/\/hurtum.es\/en\/servicios\/\" \/>\n<meta property=\"og:site_name\" content=\"Rafael de la Cuerda Nieto\" \/>\n<meta property=\"article:modified_time\" content=\"2025-12-16T16:19:24+00:00\" \/>\n<meta property=\"og:image\" content=\"https:\/\/hurtum.es\/wp-content\/uploads\/2025\/12\/cropped-image-people-working-table-2048x1365.jpg\" \/>\n<meta name=\"twitter:card\" content=\"summary_large_image\" \/>\n<meta name=\"twitter:label1\" content=\"Est. reading time\" \/>\n\t<meta name=\"twitter:data1\" content=\"1 minute\" \/>\n<script type=\"application\/ld+json\" class=\"yoast-schema-graph\">{\"@context\":\"https:\\\/\\\/schema.org\",\"@graph\":[{\"@type\":\"WebPage\",\"@id\":\"https:\\\/\\\/hurtum.es\\\/servicios\\\/\",\"url\":\"https:\\\/\\\/hurtum.es\\\/servicios\\\/\",\"name\":\"Servicios - Rafael de la Cuerda Nieto\",\"isPartOf\":{\"@id\":\"https:\\\/\\\/hurtum.es\\\/#website\"},\"primaryImageOfPage\":{\"@id\":\"https:\\\/\\\/hurtum.es\\\/servicios\\\/#primaryimage\"},\"image\":{\"@id\":\"https:\\\/\\\/hurtum.es\\\/servicios\\\/#primaryimage\"},\"thumbnailUrl\":\"https:\\\/\\\/hurtum.es\\\/wp-content\\\/uploads\\\/2025\\\/12\\\/cropped-image-people-working-table-2048x1365.jpg\",\"datePublished\":\"2025-12-09T19:08:43+00:00\",\"dateModified\":\"2025-12-16T16:19:24+00:00\",\"breadcrumb\":{\"@id\":\"https:\\\/\\\/hurtum.es\\\/servicios\\\/#breadcrumb\"},\"inLanguage\":\"en-US\",\"potentialAction\":[{\"@type\":\"ReadAction\",\"target\":[\"https:\\\/\\\/hurtum.es\\\/servicios\\\/\"]}]},{\"@type\":\"ImageObject\",\"inLanguage\":\"en-US\",\"@id\":\"https:\\\/\\\/hurtum.es\\\/servicios\\\/#primaryimage\",\"url\":\"https:\\\/\\\/hurtum.es\\\/wp-content\\\/uploads\\\/2025\\\/12\\\/cropped-image-people-working-table-2048x1365.jpg\",\"contentUrl\":\"https:\\\/\\\/hurtum.es\\\/wp-content\\\/uploads\\\/2025\\\/12\\\/cropped-image-people-working-table-2048x1365.jpg\"},{\"@type\":\"BreadcrumbList\",\"@id\":\"https:\\\/\\\/hurtum.es\\\/servicios\\\/#breadcrumb\",\"itemListElement\":[{\"@type\":\"ListItem\",\"position\":1,\"name\":\"Portada\",\"item\":\"https:\\\/\\\/hurtum.es\\\/\"},{\"@type\":\"ListItem\",\"position\":2,\"name\":\"Servicios\"}]},{\"@type\":\"WebSite\",\"@id\":\"https:\\\/\\\/hurtum.es\\\/#website\",\"url\":\"https:\\\/\\\/hurtum.es\\\/\",\"name\":\"Rafael de la Cuerda Nieto\",\"description\":\"Ofrecemos servicios sobre asesoria fiscal y laboral. \",\"publisher\":{\"@id\":\"https:\\\/\\\/hurtum.es\\\/#organization\"},\"potentialAction\":[{\"@type\":\"SearchAction\",\"target\":{\"@type\":\"EntryPoint\",\"urlTemplate\":\"https:\\\/\\\/hurtum.es\\\/?s={search_term_string}\"},\"query-input\":{\"@type\":\"PropertyValueSpecification\",\"valueRequired\":true,\"valueName\":\"search_term_string\"}}],\"inLanguage\":\"en-US\"},{\"@type\":\"Organization\",\"@id\":\"https:\\\/\\\/hurtum.es\\\/#organization\",\"name\":\"Rafael de la Cuerda Nieto\",\"url\":\"https:\\\/\\\/hurtum.es\\\/\",\"logo\":{\"@type\":\"ImageObject\",\"inLanguage\":\"en-US\",\"@id\":\"https:\\\/\\\/hurtum.es\\\/#\\\/schema\\\/logo\\\/image\\\/\",\"url\":\"https:\\\/\\\/hurtum.es\\\/wp-content\\\/uploads\\\/2025\\\/12\\\/cropped-1.png\",\"contentUrl\":\"https:\\\/\\\/hurtum.es\\\/wp-content\\\/uploads\\\/2025\\\/12\\\/cropped-1.png\",\"width\":500,\"height\":280,\"caption\":\"Rafael de la Cuerda Nieto\"},\"image\":{\"@id\":\"https:\\\/\\\/hurtum.es\\\/#\\\/schema\\\/logo\\\/image\\\/\"}}]}<\/script>\n<!-- \/ Yoast SEO plugin. -->","yoast_head_json":{"title":"Servicios - Rafael de la Cuerda Nieto","robots":{"index":"index","follow":"follow","max-snippet":"max-snippet:-1","max-image-preview":"max-image-preview:large","max-video-preview":"max-video-preview:-1"},"canonical":"https:\/\/hurtum.es\/en\/servicios\/","og_locale":"en_US","og_type":"article","og_title":"Servicios - Rafael de la Cuerda Nieto","og_description":"Asesor\u00eda fiscal y laboral asesoria fiscal asesoria laboral \u00bfNecesitas asesor\u00eda fiscal y laboral? Escr\u00edbenos para m\u00e1s informaci\u00f3n o para pedir tu asesoramiento. Pedir asesor\u00eda","og_url":"https:\/\/hurtum.es\/en\/servicios\/","og_site_name":"Rafael de la Cuerda Nieto","article_modified_time":"2025-12-16T16:19:24+00:00","og_image":[{"url":"https:\/\/hurtum.es\/wp-content\/uploads\/2025\/12\/cropped-image-people-working-table-2048x1365.jpg","type":"","width":"","height":""}],"twitter_card":"summary_large_image","twitter_misc":{"Est. reading time":"1 minute"},"schema":{"@context":"https:\/\/schema.org","@graph":[{"@type":"WebPage","@id":"https:\/\/hurtum.es\/servicios\/","url":"https:\/\/hurtum.es\/servicios\/","name":"Servicios - Rafael de la Cuerda Nieto","isPartOf":{"@id":"https:\/\/hurtum.es\/#website"},"primaryImageOfPage":{"@id":"https:\/\/hurtum.es\/servicios\/#primaryimage"},"image":{"@id":"https:\/\/hurtum.es\/servicios\/#primaryimage"},"thumbnailUrl":"https:\/\/hurtum.es\/wp-content\/uploads\/2025\/12\/cropped-image-people-working-table-2048x1365.jpg","datePublished":"2025-12-09T19:08:43+00:00","dateModified":"2025-12-16T16:19:24+00:00","breadcrumb":{"@id":"https:\/\/hurtum.es\/servicios\/#breadcrumb"},"inLanguage":"en-US","potentialAction":[{"@type":"ReadAction","target":["https:\/\/hurtum.es\/servicios\/"]}]},{"@type":"ImageObject","inLanguage":"en-US","@id":"https:\/\/hurtum.es\/servicios\/#primaryimage","url":"https:\/\/hurtum.es\/wp-content\/uploads\/2025\/12\/cropped-image-people-working-table-2048x1365.jpg","contentUrl":"https:\/\/hurtum.es\/wp-content\/uploads\/2025\/12\/cropped-image-people-working-table-2048x1365.jpg"},{"@type":"BreadcrumbList","@id":"https:\/\/hurtum.es\/servicios\/#breadcrumb","itemListElement":[{"@type":"ListItem","position":1,"name":"Portada","item":"https:\/\/hurtum.es\/"},{"@type":"ListItem","position":2,"name":"Servicios"}]},{"@type":"WebSite","@id":"https:\/\/hurtum.es\/#website","url":"https:\/\/hurtum.es\/","name":"Rafael de la Cuerda Nieto","description":"Ofrecemos servicios sobre asesoria fiscal y laboral.","publisher":{"@id":"https:\/\/hurtum.es\/#organization"},"potentialAction":[{"@type":"SearchAction","target":{"@type":"EntryPoint","urlTemplate":"https:\/\/hurtum.es\/?s={search_term_string}"},"query-input":{"@type":"PropertyValueSpecification","valueRequired":true,"valueName":"search_term_string"}}],"inLanguage":"en-US"},{"@type":"Organization","@id":"https:\/\/hurtum.es\/#organization","name":"Rafael de la Cuerda Nieto","url":"https:\/\/hurtum.es\/","logo":{"@type":"ImageObject","inLanguage":"en-US","@id":"https:\/\/hurtum.es\/#\/schema\/logo\/image\/","url":"https:\/\/hurtum.es\/wp-content\/uploads\/2025\/12\/cropped-1.png","contentUrl":"https:\/\/hurtum.es\/wp-content\/uploads\/2025\/12\/cropped-1.png","width":500,"height":280,"caption":"Rafael de la Cuerda Nieto"},"image":{"@id":"https:\/\/hurtum.es\/#\/schema\/logo\/image\/"}}]}},"_links":{"self":[{"href":"https:\/\/hurtum.es\/en\/wp-json\/wp\/v2\/pages\/12","targetHints":{"allow":["GET"]}}],"collection":[{"href":"https:\/\/hurtum.es\/en\/wp-json\/wp\/v2\/pages"}],"about":[{"href":"https:\/\/hurtum.es\/en\/wp-json\/wp\/v2\/types\/page"}],"author":[{"embeddable":true,"href":"https:\/\/hurtum.es\/en\/wp-json\/wp\/v2\/users\/1"}],"replies":[{"embeddable":true,"href":"https:\/\/hurtum.es\/en\/wp-json\/wp\/v2\/comments?post=12"}],"version-history":[{"count":136,"href":"https:\/\/hurtum.es\/en\/wp-json\/wp\/v2\/pages\/12\/revisions"}],"predecessor-version":[{"id":523,"href":"https:\/\/hurtum.es\/en\/wp-json\/wp\/v2\/pages\/12\/revisions\/523"}],"wp:attachment":[{"href":"https:\/\/hurtum.es\/en\/wp-json\/wp\/v2\/media?parent=12"}],"curies":[{"name":"wp","href":"https:\/\/api.w.org\/{rel}","templated":true}]}}